{"id":27,"date":"2022-02-07T16:03:42","date_gmt":"2022-02-07T15:03:42","guid":{"rendered":"https:\/\/gartenbauverein-erlbach.de\/?page_id=27"},"modified":"2024-01-07T11:13:47","modified_gmt":"2024-01-07T10:13:47","slug":"startseite","status":"publish","type":"page","link":"https:\/\/gartenbauverein-erlbach.de\/","title":{"rendered":"Gartenbauverein Erlbach"},"content":{"rendered":"\n<div class=\"wp-block-query is-layout-flow wp-block-query-is-layout-flow\"><ul class=\"wp-block-post-template is-layout-flow wp-block-post-template-is-layout-flow\"><li class=\"wp-block-post post-323 post type-post status-publish format-standard hentry category-jahresprogram entry\">\n<h2 class=\"wp-block-post-title\"><a href=\"https:\/\/gartenbauverein-erlbach.de\/?p=323\" target=\"_self\" >Jahresprogramm 2026<\/a><\/h2>\n\n\n\n<div class=\"wp-block-post-excerpt\"><p class=\"wp-block-post-excerpt__excerpt\">18. M\u00e4rz 2026 Jahreshauptversammlung mit Neuwahlen 19.30 Uhr Gasthaus Huberhof 18. April 2026 Gartenbauverein Schnuppertag f\u00fcr Kinder (Teil 1) 25. April 2026 Fahrt zur Klosterg\u00e4rtnerei Gars a.Inn* 20. Mai 2026 Maiandacht gemeinsam mit der Landjugend Erlbach 19.00 Uhr an der Vilsecker Linde Anschlie\u00dfend gem\u00fctliches Beisammensein im Jugendheim. Juni 2026 Kr\u00e4uterwanderung mit anschlie\u00dfendem gem\u00fctlichenBeisammensein in der&hellip;&hellip; <\/p><\/div>\n\n\n<hr class=\"wp-block-separator has-css-opacity\"\/>\n\n\n<div class=\"wp-block-post-date\"><time datetime=\"2026-02-01T16:55:42+01:00\">1. Februar 2026<\/time><\/div>\n<\/li><li class=\"wp-block-post post-311 post type-post status-publish format-standard hentry category-jahresprogram entry\">\n<h2 class=\"wp-block-post-title\"><a href=\"https:\/\/gartenbauverein-erlbach.de\/?p=311\" target=\"_self\" >Jahresprogramm 2025<\/a><\/h2>\n\n\n\n<div class=\"wp-block-post-excerpt\"><p class=\"wp-block-post-excerpt__excerpt\">18. Februar 2025 Erste-Hilfe-Kurs f\u00fcr Gartenarbeiten 19.30 Uhr im Gasthaus Huberhof 19. M\u00e4rz 2025 Jahreshauptversammlung 19.30 Uhr Gasthaus Prostmeier 21. Mai 2025 Maiandacht gemeinsam mit der Landjugend Erlbach 19.00 Uhr an der Vilsecker Linde Juni 2025 Vortrag (Termin aus der Presse oder hier) September\/Oktober 2025 Obstpressen Termine werden in der Tageszeitung bekanntgegeben Oktober 2025 Gemeinsame&hellip;&hellip; <\/p><\/div>\n\n\n<hr class=\"wp-block-separator has-css-opacity\"\/>\n\n\n<div class=\"wp-block-post-date\"><time datetime=\"2025-01-26T16:25:15+01:00\">26. Januar 2025<\/time><\/div>\n<\/li><li class=\"wp-block-post post-286 post type-post status-publish format-standard has-post-thumbnail hentry category-bildergalerie entry\">\n<h2 class=\"wp-block-post-title\"><a href=\"https:\/\/gartenbauverein-erlbach.de\/?p=286\" target=\"_self\" >Maiandacht 2024<\/a><\/h2>\n\n<figure class=\"alignwide wp-block-post-featured-image\"><a href=\"https:\/\/gartenbauverein-erlbach.de\/?p=286\" target=\"_self\"  ><img loading=\"lazy\" decoding=\"async\" width=\"1568\" height=\"2788\" src=\"https:\/\/gartenbauverein-erlbach.de\/wp-content\/uploads\/2024\/05\/PXL_20240522_165617218-1568x2788.jpg\" class=\"attachment-post-thumbnail size-post-thumbnail wp-post-image\" alt=\"Maiandacht 2024\" style=\"width:100%;height:177.78%;max-width:1440px;object-fit:cover;\" srcset=\"https:\/\/gartenbauverein-erlbach.de\/wp-content\/uploads\/2024\/05\/PXL_20240522_165617218-1568x2788.jpg 1568w, https:\/\/gartenbauverein-erlbach.de\/wp-content\/uploads\/2024\/05\/PXL_20240522_165617218-169x300.jpg 169w, https:\/\/gartenbauverein-erlbach.de\/wp-content\/uploads\/2024\/05\/PXL_20240522_165617218-576x1024.jpg 576w, https:\/\/gartenbauverein-erlbach.de\/wp-content\/uploads\/2024\/05\/PXL_20240522_165617218-768x1365.jpg 768w, https:\/\/gartenbauverein-erlbach.de\/wp-content\/uploads\/2024\/05\/PXL_20240522_165617218-864x1536.jpg 864w, https:\/\/gartenbauverein-erlbach.de\/wp-content\/uploads\/2024\/05\/PXL_20240522_165617218-1152x2048.jpg 1152w, https:\/\/gartenbauverein-erlbach.de\/wp-content\/uploads\/2024\/05\/PXL_20240522_165617218-scaled.jpg 1440w\" sizes=\"auto, (max-width: 1568px) 100vw, 1568px\" \/><\/a><\/figure>\n\n<div class=\"wp-block-post-excerpt\"><p class=\"wp-block-post-excerpt__excerpt\">Maiandacht vom 22. Mai 2024 an der Vilsecker Linde <\/p><\/div>\n\n\n<hr class=\"wp-block-separator has-css-opacity\"\/>\n\n\n<div class=\"wp-block-post-date\"><time datetime=\"2024-05-27T16:37:21+01:00\">27. Mai 2024<\/time><\/div>\n<\/li><\/ul><\/div>\n","protected":false},"excerpt":{"rendered":"","protected":false},"author":2,"featured_media":0,"parent":0,"menu_order":0,"comment_status":"closed","ping_status":"closed","template":"","meta":{"footnotes":""},"class_list":["post-27","page","type-page","status-publish","hentry","entry"],"_links":{"self":[{"href":"https:\/\/gartenbauverein-erlbach.de\/index.php?rest_route=\/wp\/v2\/pages\/27","targetHints":{"allow":["GET"]}}],"collection":[{"href":"https:\/\/gartenbauverein-erlbach.de\/index.php?rest_route=\/wp\/v2\/pages"}],"about":[{"href":"https:\/\/gartenbauverein-erlbach.de\/index.php?rest_route=\/wp\/v2\/types\/page"}],"author":[{"embeddable":true,"href":"https:\/\/gartenbauverein-erlbach.de\/index.php?rest_route=\/wp\/v2\/users\/2"}],"replies":[{"embeddable":true,"href":"https:\/\/gartenbauverein-erlbach.de\/index.php?rest_route=%2Fwp%2Fv2%2Fcomments&post=27"}],"version-history":[{"count":6,"href":"https:\/\/gartenbauverein-erlbach.de\/index.php?rest_route=\/wp\/v2\/pages\/27\/revisions"}],"predecessor-version":[{"id":280,"href":"https:\/\/gartenbauverein-erlbach.de\/index.php?rest_route=\/wp\/v2\/pages\/27\/revisions\/280"}],"wp:attachment":[{"href":"https:\/\/gartenbauverein-erlbach.de\/index.php?rest_route=%2Fwp%2Fv2%2Fmedia&parent=27"}],"curies":[{"name":"wp","href":"https:\/\/api.w.org\/{rel}","templated":true}]}}