{"id":20,"date":"2022-02-07T16:02:28","date_gmt":"2022-02-07T15:02:28","guid":{"rendered":"https:\/\/gartenbauverein-erlbach.de\/?page_id=20"},"modified":"2026-02-24T19:33:23","modified_gmt":"2026-02-24T18:33:23","slug":"satzung","status":"publish","type":"page","link":"https:\/\/gartenbauverein-erlbach.de\/?page_id=20","title":{"rendered":"Satzung"},"content":{"rendered":"\n<h2 class=\"wp-block-heading has-text-align-center\" id=\"gartenbauverein-erlbach\" style=\"font-style:italic;font-weight:500\">Gartenbauverein Erlbach<\/h2>\n\n\n\n<h3 class=\"wp-block-heading has-text-align-center\" id=\"satzung\">Satzung<\/h3>\n\n\n\n<div class=\"wp-block-group is-style-twentytwentyone-border\"><div class=\"wp-block-group__inner-container is-layout-flow wp-block-group-is-layout-flow\">\n<h5 class=\"wp-block-heading\" id=\"1-name-und-sitz-des-vereins\"><strong>\u00a71: Name und Sitz des Vereins:<\/strong><\/h5>\n\n\n\n<p>Der Verein \u201eGartenbauverein Erlbach e.V.\u201c erstreckt seine T\u00e4tigkeit auf das Gebiet der Gemeinde Erlbach und Umgebung. Der Sitz des Vereins ist Erlbach. Der Verein ist in das Vereinsregister beim Amtsgericht Alt\u00f6tting eingetragen.<\/p>\n<\/div><\/div>\n\n\n\n<div class=\"wp-block-group is-style-twentytwentyone-border\"><div class=\"wp-block-group__inner-container is-layout-flow wp-block-group-is-layout-flow\">\n<h5 class=\"wp-block-heading\" id=\"2-zweck-des-vereins\">\u00a7 2: Zweck des Vereins:<\/h5>\n\n\n\n<ol class=\"wp-block-list\">\n<li>Der Verein ist selbstlos t\u00e4tig und verfolgt nicht in erster Linie eigenwirtschaftliche Zwecke. Der Verein bezweckt im Rahmen des Obst und Gartenbaues, die F\u00f6rderung der Landespflege und des Umweltschutzes der Erhaltung einer sch\u00f6nen Kulturlandschaft und der menschlichen Gesundheit. Der Verein f\u00f6rdert insbesondere die Ortsversch\u00f6nerung und dient damit der Versch\u00f6nerung der Heimat, der Heimatpflege und somit der gesamten Landeskultur.<\/li>\n\n\n\n<li>Der Verein arbeitet gemeinn\u00fctzig im Sinne des Abschnitts \u201eSteuerbeg\u00fcnstigte Zwecke\u201c der Abgabenordnung.<\/li>\n\n\n\n<li>Es darf keine Person durch Ausgaben, die den Zwecken des Vereins fremd sind, oder durch unverh\u00e4ltnism\u00e4\u00dfig hohe Verg\u00fctungen beg\u00fcnstigt werden. Die Mittel des Vereins d\u00fcrfen nur f\u00fcr die satzungsm\u00e4\u00dfigen Zwecke verwendet werden. Die Mitglieder erhalten keine Zuwendungen aus Mitteln des Vereins.<\/li>\n\n\n\n<li>Die F\u00f6rderung des Erwerbsobstbaues und Erwerbsgartenbaues ist nicht Aufgabe des Vereins.<\/li>\n<\/ol>\n<\/div><\/div>\n\n\n\n<div class=\"wp-block-group is-style-twentytwentyone-border\"><div class=\"wp-block-group__inner-container is-layout-flow wp-block-group-is-layout-flow\">\n<h5 class=\"wp-block-heading\" id=\"3-mitgliedschaft\">\u00a73: Mitgliedschaft:<\/h5>\n\n\n\n<p>Mitglied des Vereins kann jede nat\u00fcrliche oder juristische Person werden. Zum Erwerb der Mitgliedschaft bedarf es<\/p>\n\n\n\n<ol class=\"wp-block-list\">\n<li>einer vom Beitretenden unterzeichneten unbedingten Erkl\u00e4rung des Beitritts,<\/li>\n\n\n\n<li>eines Aufnahmebeschlusses des Vorstandes. Lehnt der Vorstand die Aufnahme ab, so kann der Abgewiesene Berufung an die Vereinsleitung ergreifen, welche endg\u00fcltig entscheidet.<\/li>\n<\/ol>\n\n\n\n<p>Personen, welche sich um den Verein und seine Bestrebungen besonders verdient gemacht haben, k\u00f6nnen auf Antrag der Vereinsleitung von der Mitgliederversammlung zu Ehrenmitgliedern ernannt werden.<\/p>\n<\/div><\/div>\n\n\n\n<div class=\"wp-block-group is-style-twentytwentyone-border\"><div class=\"wp-block-group__inner-container is-layout-flow wp-block-group-is-layout-flow\">\n<h5 class=\"wp-block-heading\" id=\"4-ausscheiden-aus-dem-verein\">\u00a74: Ausscheiden aus dem Verein:<\/h5>\n\n\n\n<p>Die Mitgliedschaft endet<\/p>\n\n\n\n<ol class=\"wp-block-list\">\n<li>durch Ableben<\/li>\n\n\n\n<li>durch Austritt: der Austritt muss schriftlich erkl\u00e4rt werden und ist nur zum Schluss des Gesch\u00e4ftsjahres unter Einhaltung viertelj\u00e4hrlichen K\u00fcndigungsfrist m\u00f6glich, der Jahresbeitrag f\u00fcr das laufende Jahr ist daher voll zu entrichten, der Austretende verliert jeden Anspruch gegen den Verein und sein Verm\u00f6gen.<\/li>\n\n\n\n<li>durch Ausschluss.<\/li>\n<\/ol>\n<\/div><\/div>\n\n\n\n<div class=\"wp-block-group is-style-twentytwentyone-border\"><div class=\"wp-block-group__inner-container is-layout-flow wp-block-group-is-layout-flow\">\n<h5 class=\"wp-block-heading\" id=\"5-ausschluss\">\u00a7 5: Ausschluss:<\/h5>\n\n\n\n<p>Ein Mitglied kann jederzeit vom Verein ausgeschlossen werden.<\/p>\n\n\n\n<ol class=\"wp-block-list\">\n<li>wegen einer unehrenhaften Handlung<\/li>\n\n\n\n<li>wegen R\u00fcckst\u00e4nden von Beitr\u00e4gen, welcher trotz zweifacher Mahnung nicht entrichtet wurden.<\/li>\n<\/ol>\n\n\n\n<p>Die Ausschlie\u00dfung erfolgt durch Beschluss des Vorstandes zum Ende des Gesch\u00e4ftsjahres durch Streichung aus der Mitgliederliste. Vor der Beschlussfassung ist dem auszuschlie\u00dfenden Mitglied Gelegenheit zur \u00c4u\u00dferung zu geben. Der Ausschlie\u00dfungsbeschluss hat die Tatsachen, auf denen die Ausschlie\u00dfung beruht, sowie den gesetzlichen oder den satzungsm\u00e4\u00dfigen Ausschlie\u00dfungsgrund anzugeben. Der Beschluss ist dem ausgeschlossenen Mitglied vom Vorstand unverz\u00fcglich mittels eingeschriebenen Briefs mitzuteilen. Vom Zeitpunkt der Absendung desselben kann das Mitglied nicht mehr an der Mitgliederversammlung teilnehmen, es sei den, das, der Ausgeschlossene Berufung gegen Ausschluss eingelegt hat. Das Ausgeschlossene Mitglied kann den Vorstandsbeschluss innerhalb von vier Wochen seit Zustellung des Briefes durch Berufung an die Vereinsleitung anfechten, welche, vorbehaltlich des ordentlichen Rechtsweges, entg\u00fcltig entscheidet. Ausgeschiedene oder ausgeschlossene Mitglieder haben keinerlei Anspruch an das Vereinsverm\u00f6gen. Sie sind aber verpflichtet, ihre Verbindlichkeiten dem Verein gegen\u00fcber voll zu erf\u00fcllen.<\/p>\n<\/div><\/div>\n\n\n\n<div class=\"wp-block-group is-style-twentytwentyone-border\"><div class=\"wp-block-group__inner-container is-layout-flow wp-block-group-is-layout-flow\">\n<h5 class=\"wp-block-heading\" id=\"6-rechte-der-mitglieder\">\u00a7 6: Rechte der Mitglieder<\/h5>\n\n\n\n<p>Die Mitglieder haben das Recht:<\/p>\n\n\n\n<ol class=\"wp-block-list\">\n<li>die Vertretung ihrer Interessen im Rahmen<br>des Zweckes ihres Vereins zu fordern<\/li>\n\n\n\n<li>an den Versammlungen und den Veranstaltungen des Vereins teilzunehmen<\/li>\n\n\n\n<li>Beim Verein Antr\u00e4ge zu stellen.<\/li>\n<\/ol>\n<\/div><\/div>\n\n\n\n<div class=\"wp-block-group is-style-twentytwentyone-border\"><div class=\"wp-block-group__inner-container is-layout-flow wp-block-group-is-layout-flow\">\n<h5 class=\"wp-block-heading\" id=\"7-pflichten-der-mitglieder\">\u00a7 7: Pflichten der Mitglieder<\/h5>\n\n\n\n<p>Die Mitglieder haben die Verpflichtung<\/p>\n\n\n\n<ol class=\"wp-block-list\">\n<li>die Bestrebungen des Vereins kr\u00e4ftigst zu f\u00f6rdern,<\/li>\n\n\n\n<li>die Satzung des Vereins zu befolgen,<\/li>\n\n\n\n<li>die Beschl\u00fcsse der Mitgliederversammlung zu befolgen<\/li>\n\n\n\n<li>die festgesetzten Jahresbeitr\u00e4ge zu entrichten<\/li>\n<\/ol>\n<\/div><\/div>\n\n\n\n<div class=\"wp-block-group is-style-twentytwentyone-border\"><div class=\"wp-block-group__inner-container is-layout-flow wp-block-group-is-layout-flow\">\n<h5 class=\"wp-block-heading\" id=\"8-organe-des-vereins\">\u00a7 8: Organe des Vereins<\/h5>\n\n\n\n<ol class=\"wp-block-list\">\n<li>Die dem Verein obliegenden Aufgaben werden besorgt durch<br>a. Die Mitgliederversammlung<br>b. Die Vereinsleitung<br>c. Den Vorstand<\/li>\n\n\n\n<li>Der Verein ist Mitglied des Bayerischen Landesverbandes f\u00fcr Gartenbau und Landespflege, gleichzeitig auch des Bezirksverbades Oberbayern sowie des Kreisverbandes.<\/li>\n<\/ol>\n<\/div><\/div>\n\n\n\n<div class=\"wp-block-group is-style-twentytwentyone-border\"><div class=\"wp-block-group__inner-container is-layout-flow wp-block-group-is-layout-flow\">\n<h5 class=\"wp-block-heading\" id=\"9-mitgliederversammlung\">\u00a7 9: Mitgliederversammlung<\/h5>\n\n\n\n<p>Die Ordentliche Mitgliederversammlung findet allja\u00e4hrich tunlichst in der Zeit von Dezember bis M\u00e4rz statt. Zur Einberufung einer au\u00dferordentlichen Mitgliederversammlung ist der Vorstand jederzeit berechtigt, er ist hierzu verpflichtet, wenn die Einberufung von mindestens einem F\u00fcnftel der Vereinsmitglieder unter Angabe des Zweckes schriftlich beantragt wird.<\/p>\n<\/div><\/div>\n\n\n\n<div class=\"wp-block-group is-style-twentytwentyone-border\"><div class=\"wp-block-group__inner-container is-layout-flow wp-block-group-is-layout-flow\">\n<h5 class=\"wp-block-heading\" id=\"9-einberufung-der-mitgliederversammlung\">\u00a7 10: Einberufung der Mitgliederversammlung<\/h5>\n\n\n\n<p>Die Einberufung der Mitgliederversammlung durch den Vorstand hat durch den Aushang an den \u00f6ffentlichen Anschlagtafeln zu erfolgen. Die Einberufung muss mindestens acht Tage vorher, unter Bekanntgabe der Beratungsgegenst\u00e4nde, erfolgen. \u00dcber Gegenst\u00e4nde, welche nicht auf der Tagesordnung stehen , kann die Mitgliederversammlung keinen endg\u00fcltigen Beschluss fassen.<\/p>\n<\/div><\/div>\n\n\n\n<div class=\"wp-block-group is-style-twentytwentyone-border\"><div class=\"wp-block-group__inner-container is-layout-flow wp-block-group-is-layout-flow\">\n<h5 class=\"wp-block-heading\" id=\"11-durchfuhrung-der-mitgliederversammlung\">\u00a7 11: Durchf\u00fchrung der Mitgliederversammlung<\/h5>\n\n\n\n<p>Die Mitgliederversammlung ist ohne R\u00fccksicht auf die Zahl der vertretenen Mitglieder beschlussf\u00e4hig. Sie fasst ihre Beschl\u00fcsse, soweit nicht eine qualifizierte Mehrheit in der Satzung festgelegt ist, mit einfacher Stimmenmehrheit der anwesenden Mitglieder.<br>Beschl\u00fcsse \u00fcber Ab\u00e4nderung der Satzung bed\u00fcrfen einer Mehrheit von drei Viertel der erschienenen Mitglieder. Stimmengleichheit gilt als Ablehnung.<br>Die Art der Abstimmung bestimmt die Versammlung. Das Stimmrecht muss durch das Mitglied pers\u00f6nlich ausge\u00fcbt werden. Den Vorsitz in der Mitgliederversammlung f\u00fchrt der 1. Vorsitzende. Ist dieser verhindert oder am Gegenstand der Beratung beteiligt, \u00fcbernimmt den Vorsitz der 2. Vereinsvorsitzende. Ist auch dieser verhindert oder am Gegenstand der Beratung beteiligt, so w\u00e4hlt die Mitgliederversammlung f\u00fcr diesen Punkt der Tagesordnung einen Vorsitzenden aus ihrer Mitte.<br>\u00dcber die Mitgliederversammlung und ihre Beschl\u00fcsse ist vom Schriftf\u00fchrer, bei dessen Verhinderung von einem vom Vorsitzenden zu bestimmenden Mitglied der Vereinsleitung, eine Niederschrift zu fertigen und vom Vorsitzenden und Schriftf\u00fchrer zu unterzeichnen.<\/p>\n<\/div><\/div>\n\n\n\n<div class=\"wp-block-group is-style-twentytwentyone-border\"><div class=\"wp-block-group__inner-container is-layout-flow wp-block-group-is-layout-flow\">\n<h5 class=\"wp-block-heading\" id=\"12-aufgaben-der-mitgliederversammlung\">\u00a7 12: Aufgaben der Mitgliederversammlung<\/h5>\n\n\n\n<p>Aufgaben der Mitgliederversammlung sind<\/p>\n\n\n\n<ol class=\"wp-block-list\">\n<li>Genehmigung des allj\u00e4hrlich zu der erstattenden T\u00e4tigkeits- und Kassenberichtes, Entlastung des Vorstandes und des Vereinskassiers.<\/li>\n\n\n\n<li>Genehmigung des Haushaltsvorschlages und des Arbeitsplanes<\/li>\n\n\n\n<li>Festsetzung der H\u00f6he des Vereinsbeitrages<\/li>\n\n\n\n<li>Festsetzung und Ab\u00e4nderung der Satzung<\/li>\n\n\n\n<li>Wahl der Vereinsleitung<\/li>\n\n\n\n<li>Wahl der Rechnungspr\u00fcfer<\/li>\n\n\n\n<li>Ernennung der Ehrenmitgliedern<\/li>\n\n\n\n<li>Beschlussfassung \u00fcber die von Mitgliedern gestellten Antr\u00e4ge<\/li>\n\n\n\n<li>Verbescheidung von Beschwerden gegen die Vereinsleitung<\/li>\n\n\n\n<li>Beschlussfassung \u00fcber Aufl\u00f6sung des Vereins<\/li>\n<\/ol>\n<\/div><\/div>\n\n\n\n<div class=\"wp-block-group is-style-twentytwentyone-border\"><div class=\"wp-block-group__inner-container is-layout-flow wp-block-group-is-layout-flow\">\n<h5 class=\"wp-block-heading\" id=\"13-die-vereinsleitung\">\u00a7 13: Die Vereinsleitung<\/h5>\n\n\n\n<p>Die Vereinsleitung besteht aus dem 1. Vereinsvorsitzenden, den 2. Vereinsvorsitzenden, dem Schriftf\u00fchrer und dem Kassier, sowie einigen Vereinsmitgliedern, welche auf Dauer von vier Jahren der Mitgliederversammlung gew\u00e4hlt werden.<br>Wiederwahl ist zul\u00e4ssig.<br>Die \u00c4mter des Schriftf\u00fchrers und des Kassiers k\u00f6nnen auch von einer Person gef\u00fchrt werden.<br>Die Mitgliederversammlung kann jederzeit die Bestellung der Vereinsleitung oder einzelner Mitglieder widerrufen, ebenso die Aufgabenverteilung innerhalb der Vereinsleitung. Die Bestellung ist zu widerrufen, wenn ein Mitglied der Vereinsleitung sich eine grobe Pflichtverletzung hat zuschulden kommen lassen oder sich zur ordnungsgem\u00e4\u00dfen F\u00fchrung der Gesch\u00e4fte als ungeeignet erwiesen hat.<\/p>\n<\/div><\/div>\n\n\n\n<div class=\"wp-block-group is-style-twentytwentyone-border\"><div class=\"wp-block-group__inner-container is-layout-flow wp-block-group-is-layout-flow\">\n<h5 class=\"wp-block-heading\" id=\"14-beschlussfassung-in-der-vereinsleitung\">\u00a7 14: Beschlussfassung in der Vereinsleitung<\/h5>\n\n\n\n<p>Die Vereinsleitung ist beschlussf\u00e4hig, wenn mehr als die H\u00e4lfte ihrer Mitglieder anwesend ist.<br>Sie fasst ihre Beschl\u00fcsse mit Stimmenmehrheit der anwesenden.<br>Stimmengleichheit gilt als Ablehnung.<\/p>\n<\/div><\/div>\n\n\n\n<div class=\"wp-block-group is-style-twentytwentyone-border\"><div class=\"wp-block-group__inner-container is-layout-flow wp-block-group-is-layout-flow\">\n<h5 class=\"wp-block-heading\" id=\"15-aufgaben-der-vereinsleitung\">\u00a7 15: Aufgaben der Vereinsleitung<\/h5>\n\n\n\n<p>Die Vereinsleitung ist zust\u00e4ndig zur F\u00fchrung aller Vereinsgesch\u00e4fte, soweit diese nicht ausdr\u00fccklich der Mitgliederversammlung oder dem Vorstand zugewiesen sind.<br>Insbesondere obliegt ihr<\/p>\n\n\n\n<ol class=\"wp-block-list\">\n<li>Erstellung des T\u00e4tigkeitsberichtes<\/li>\n\n\n\n<li>Vorpr\u00fcfung des Kassenberichtes<\/li>\n\n\n\n<li>Aufstellung des Haushalts- und Arbeitsplanes f\u00fcr das kommende Jahr<\/li>\n\n\n\n<li>Vorschlag \u00fcber die H\u00f6he des Vereinsbeitrages<\/li>\n\n\n\n<li>Vorbehandlung aller bei der Mitgliederversammlung zu kl\u00e4renden Fragen.<\/li>\n<\/ol>\n<\/div><\/div>\n\n\n\n<div class=\"wp-block-group is-style-twentytwentyone-border\"><div class=\"wp-block-group__inner-container is-layout-flow wp-block-group-is-layout-flow\">\n<h5 class=\"wp-block-heading\" id=\"16-vorstand\">\u00a7 16: Vorstand<\/h5>\n\n\n\n<p>Der Vorstand besteht aus dem 1. Vereinsvorsitzenden und dem 2. Vereinsvorsitzenden. Die Vorstandsmitglieder werden von der Mitgliederversammlung in geheimer, schriftlicher Abstimmung aus ihrer Mitte auf vier Jahre gew\u00e4hlt ( \u00a713 ). Die Bestellung der Vorstandsmitglieder kann jederzeit durch die Mitgliederversammlung widerrufen werden.<br>Die Vorstandsmitglieder verwalten ihr Amt grunds\u00e4tzlich unentgeltlich. In besonderen F\u00e4llen kann ihnen im Verh\u00e4ltnis ihrer M\u00fchewaltung eine von der Vereinsleitung zu bestimmende Verg\u00fctung und der Ersatz barer Auslagen gew\u00e4hrt werden.<br>Der 1. Vereinsvorsitzende und der 2.Vereinsvorsitzende vertreten, jeweils allein, den Verein gerichtlich und au\u00dfergerichtlich.<br>Sie haben die Stellung eines gesetzlichen Vertreters.<br>Im Innenverh\u00e4ltnis gilt , dass der 2. Vorsitzende sein Vertretungsrecht wahrnimmt, wenn der 1. Vorsitzende verhindert ist.<br>Der 1. Vorsitzende beruft die Mitgliederversammlung ein und bestimmt den Termin sowie den Tagungsort.<\/p>\n<\/div><\/div>\n\n\n\n<div class=\"wp-block-group is-style-twentytwentyone-border\"><div class=\"wp-block-group__inner-container is-layout-flow wp-block-group-is-layout-flow\">\n<h5 class=\"wp-block-heading\" id=\"17-aufgaben-des-vorstandes\">\u00a7 17: Aufgaben des Vorstandes<\/h5>\n\n\n\n<p>Vereinsintern gilt, das der 1. Vereinsvorsiezende und der 2. Vereinsvorsitzende den Verein in Angelegenheiten mit einem Geldwert bis zu \u20ac 250,- vertreten, dar\u00fcber hinaus nur mit Zustimmung der Vereinsleitung.<br>Sie erteilen Zahlungsanweisungen.<br>Der 1. Vereinsvorsitzende beruft die Sitzung der Vereinsleitung und der Mitgliederversammlung ein und leitet sie.<br>Er f\u00fchrt die laufenden Gesch\u00e4fte nach der Satzung, nach den Beschl\u00fcssen der Mitgliederversammlung und der Vereinsleitung. Ebenso sind die vom Kreis-, Bezirks- und Landesverband ergangenen Anweisungen zu befolgen.<\/p>\n<\/div><\/div>\n\n\n\n<div class=\"wp-block-group is-style-twentytwentyone-border\"><div class=\"wp-block-group__inner-container is-layout-flow wp-block-group-is-layout-flow\">\n<h5 class=\"wp-block-heading\" id=\"18-betriebsmittel\">\u00a7 18: Betriebsmittel<\/h5>\n\n\n\n<p>Die zur Erf\u00fcllung der Vereinszwecke n\u00f6tigen Mittel werden beschafft durch<\/p>\n\n\n\n<ol class=\"wp-block-list\">\n<li>Mitgliedsbeitr\u00e4ge<\/li>\n\n\n\n<li>Spenden und sonstige Zuwendungen<\/li>\n\n\n\n<li>Einnahmen aus Unternehmungen und Veranstaltungen des Vereins.<\/li>\n<\/ol>\n<\/div><\/div>\n\n\n\n<div class=\"wp-block-group is-style-twentytwentyone-border\"><div class=\"wp-block-group__inner-container is-layout-flow wp-block-group-is-layout-flow\">\n<h5 class=\"wp-block-heading\" id=\"19-jahresmitgliedsbeitrag\">\u00a7 19: Jahresmitgliedsbeitrag<\/h5>\n\n\n\n<p>Der Jahresbeitrag setzt sich zusammen aus dem von der Mitgliederversammlung festgesetzten Vereinsbeitrag und den Beitrag an die \u00fcbergeordneten Verb\u00e4nde.<\/p>\n<\/div><\/div>\n\n\n\n<div class=\"wp-block-group is-style-twentytwentyone-border\"><div class=\"wp-block-group__inner-container is-layout-flow wp-block-group-is-layout-flow\">\n<h5 class=\"wp-block-heading\" id=\"20-geschaftsjahr\">\u00a7 20: Gesch\u00e4ftsjahr<\/h5>\n\n\n\n<p>Das Gesch\u00e4ftsjahr ist das Kalenderjahr<\/p>\n<\/div><\/div>\n\n\n\n<div class=\"wp-block-group is-style-twentytwentyone-border\"><div class=\"wp-block-group__inner-container is-layout-flow wp-block-group-is-layout-flow\">\n<h5 class=\"wp-block-heading\" id=\"21-aufgaben-des-kassiers\">\u00a7 21: Aufgaben des Kassiers<\/h5>\n\n\n\n<p>Der Kassier f\u00fchrt die Kassengesch\u00e4fte des Vereins. Er darf keine Zahlungen leisten ohne die Anweisung des Vereinsvorsitzenden.<br>Er hat insbesondere<\/p>\n\n\n\n<ol class=\"wp-block-list\">\n<li>s\u00e4mtliche Einnahmen und Ausgaben des Vereins nach den Anweisungen des Vereinsvorsitzenden zu t\u00e4tigen und sachgem\u00e4\u00df zu verbuchen.<\/li>\n\n\n\n<li>die Jahresrechnung nach Jahresabschluss so zeitig zu fertigen, das sie der ordentlichen Mitgliederversammlung vorgelegt werden kann.<\/li>\n\n\n\n<li>ein Verzeichnis \u00fcber das Verm\u00f6gen des Vereins anzulegen und es stets auf dem laufenden zu halten.<\/li>\n\n\n\n<li>die Mitgliedsbeitr\u00e4ge rechtzeitig einzuziehen.<\/li>\n\n\n\n<li>die f\u00e4lligen Verbandsbeitr\u00e4ge rechtzeitig nach den bestehenden Anweisungen abzuliefern.<\/li>\n<\/ol>\n<\/div><\/div>\n\n\n\n<div class=\"wp-block-group is-style-twentytwentyone-border\"><div class=\"wp-block-group__inner-container is-layout-flow wp-block-group-is-layout-flow\">\n<h5 class=\"wp-block-heading\" id=\"22-aufgaben-des-schriftfuhrers\">\u00a7 22: Aufgaben des Schriftf\u00fchrers<\/h5>\n\n\n\n<p>Der Schriftf\u00fchrer erledigt alle schriftlichen Vereinsarbeiten nach den Weisungen des Vereinsvorsitzenden. \u00dcber alle Versammlungen des Vereins und alle Sitzungen der Vereinsleitung und des Vorstandes hat er eine fortlaufende Niederschrift zu fertigen.<br>Alle Niederschriften sind vom Vereinsvorsitzenden und vom Schriftf\u00fchrer zu unterzeichnen.<br>Der Schriftf\u00fchrer fertigt am Jahresschluss im Benehmen mit dem Vereinsvorsitzenden den T\u00e4tigkeitsbericht zur Vorlage bei der ordentlichen Mitgliederversammlung an.<\/p>\n<\/div><\/div>\n\n\n\n<div class=\"wp-block-group is-style-twentytwentyone-border\"><div class=\"wp-block-group__inner-container is-layout-flow wp-block-group-is-layout-flow\">\n<h5 class=\"wp-block-heading\" id=\"23-satzungsanderung-auflosung-des-vereins\">\u00a7 23:Satzungs\u00e4nderung \u2013 Aufl\u00f6sung des Vereins<\/h5>\n\n\n\n<ol class=\"wp-block-list\">\n<li>Antr\u00e4ge auf Satzungs\u00e4nderung oder Aufl\u00f6sung des Vereins, welche nicht von der Vereinsleitung ausgehen, bed\u00fcrfen der Unterst\u00fctzung von mindestens einem F\u00fcnftel der Vereinsmitglieder und m\u00fcssen mindestens vier Wochen vor der beschlie\u00dfenden Mitgliederversammlung beim Vorstand schriftlich eingereicht werden.<\/li>\n\n\n\n<li>Zur Aufl\u00f6sung des Vereins ist eine Dreiviertel-Mehrheit der erschienenen Mitglieder erforderlich.<\/li>\n\n\n\n<li>Bei Aufl\u00f6sung des Vereins oder Wegfall seines bisherigen Zweckes sowie bei Wegfall steuerbeg\u00fcnstigter Zwecke f\u00e4llt das Verm\u00f6gen an die Gemeinde, die es als K\u00f6rperschaft des \u00f6ffentlichen Rechts, unmittelbar und ausschlie\u00dflich f\u00fcr gemeinn\u00fctzige Zwecke im Bereich der Landespflege zu verwenden hat.<\/li>\n<\/ol>\n<\/div><\/div>\n\n\n\n<div class=\"wp-block-group is-style-twentytwentyone-border\"><div class=\"wp-block-group__inner-container is-layout-flow wp-block-group-is-layout-flow\">\n<h5 class=\"wp-block-heading\" id=\"24-inkrafttreten-der-satzung\">\u00a7 24: Inkrafttreten der Satzung<\/h5>\n\n\n\n<p>Diese Satzung tritt mit dem Tag der Eintragung in das Vereinsregister in Kraft.<\/p>\n<\/div><\/div>\n\n\n\n<p class=\"has-small-font-size\">Erlbach, den 19.Februar 2014<\/p>\n","protected":false},"excerpt":{"rendered":"<p>Gartenbauverein Erlbach Satzung \u00a71: Name und Sitz des Vereins: Der Verein \u201eGartenbauverein Erlbach e.V.\u201c erstreckt seine T\u00e4tigkeit auf das Gebiet der Gemeinde Erlbach und Umgebung. Der Sitz des Vereins ist Erlbach. Der Verein ist in das Vereinsregister beim Amtsgericht Alt\u00f6tting eingetragen. \u00a7 2: Zweck des Vereins: \u00a73: Mitgliedschaft: Mitglied des Vereins kann jede nat\u00fcrliche oder&hellip; <a class=\"more-link\" href=\"https:\/\/gartenbauverein-erlbach.de\/?page_id=20\"><span class=\"screen-reader-text\">Satzung<\/span> weiterlesen<\/a><\/p>\n","protected":false},"author":2,"featured_media":0,"parent":0,"menu_order":0,"comment_status":"closed","ping_status":"closed","template":"","meta":{"footnotes":""},"class_list":["post-20","page","type-page","status-publish","hentry","entry"],"_links":{"self":[{"href":"https:\/\/gartenbauverein-erlbach.de\/index.php?rest_route=\/wp\/v2\/pages\/20","targetHints":{"allow":["GET"]}}],"collection":[{"href":"https:\/\/gartenbauverein-erlbach.de\/index.php?rest_route=\/wp\/v2\/pages"}],"about":[{"href":"https:\/\/gartenbauverein-erlbach.de\/index.php?rest_route=\/wp\/v2\/types\/page"}],"author":[{"embeddable":true,"href":"https:\/\/gartenbauverein-erlbach.de\/index.php?rest_route=\/wp\/v2\/users\/2"}],"replies":[{"embeddable":true,"href":"https:\/\/gartenbauverein-erlbach.de\/index.php?rest_route=%2Fwp%2Fv2%2Fcomments&post=20"}],"version-history":[{"count":7,"href":"https:\/\/gartenbauverein-erlbach.de\/index.php?rest_route=\/wp\/v2\/pages\/20\/revisions"}],"predecessor-version":[{"id":340,"href":"https:\/\/gartenbauverein-erlbach.de\/index.php?rest_route=\/wp\/v2\/pages\/20\/revisions\/340"}],"wp:attachment":[{"href":"https:\/\/gartenbauverein-erlbach.de\/index.php?rest_route=%2Fwp%2Fv2%2Fmedia&parent=20"}],"curies":[{"name":"wp","href":"https:\/\/api.w.org\/{rel}","templated":true}]}}