{"id":16,"date":"2022-02-07T16:01:30","date_gmt":"2022-02-07T15:01:30","guid":{"rendered":"https:\/\/gartenbauverein-erlbach.de\/?page_id=16"},"modified":"2023-01-03T20:15:30","modified_gmt":"2023-01-03T19:15:30","slug":"jahresprogram","status":"publish","type":"page","link":"https:\/\/gartenbauverein-erlbach.de\/?page_id=16","title":{"rendered":"Jahresprogramm"},"content":{"rendered":"<ul class=\"wp-block-latest-posts__list has-dates is-style-twentytwentyone-latest-posts-borders wp-block-latest-posts\"><li><a class=\"wp-block-latest-posts__post-title\" href=\"https:\/\/gartenbauverein-erlbach.de\/?p=323\">Jahresprogramm 2026<\/a><time datetime=\"2026-02-01T16:55:42+01:00\" class=\"wp-block-latest-posts__post-date\">1. Februar 2026<\/time><div class=\"wp-block-latest-posts__post-excerpt\">18. M\u00e4rz 2026 Jahreshauptversammlung mit Neuwahlen 19.30 Uhr Gasthaus Huberhof 18. April 2026 Gartenbauverein Schnuppertag f\u00fcr Kinder (Teil 1) 25. April 2026 Fahrt zur Klosterg\u00e4rtnerei&hellip; <a class=\"more-link\" href=\"https:\/\/gartenbauverein-erlbach.de\/?p=323\"><span class=\"screen-reader-text\">Jahresprogramm 2026<\/span> weiterlesen<\/a><\/div><\/li>\n<li><a class=\"wp-block-latest-posts__post-title\" href=\"https:\/\/gartenbauverein-erlbach.de\/?p=311\">Jahresprogramm 2025<\/a><time datetime=\"2025-01-26T16:25:15+01:00\" class=\"wp-block-latest-posts__post-date\">26. Januar 2025<\/time><div class=\"wp-block-latest-posts__post-excerpt\">18. Februar 2025 Erste-Hilfe-Kurs f\u00fcr Gartenarbeiten 19.30 Uhr im Gasthaus Huberhof 19. M\u00e4rz 2025 Jahreshauptversammlung 19.30 Uhr Gasthaus Prostmeier 21. Mai 2025 Maiandacht gemeinsam mit&hellip; <a class=\"more-link\" href=\"https:\/\/gartenbauverein-erlbach.de\/?p=311\"><span class=\"screen-reader-text\">Jahresprogramm 2025<\/span> weiterlesen<\/a><\/div><\/li>\n<li><a class=\"wp-block-latest-posts__post-title\" href=\"https:\/\/gartenbauverein-erlbach.de\/?p=198\">Jahresprogramm 2024<\/a><time datetime=\"2024-01-10T16:55:46+01:00\" class=\"wp-block-latest-posts__post-date\">10. Januar 2024<\/time><div class=\"wp-block-latest-posts__post-excerpt\">Liebe Mitglieder, dies ist ein vorl\u00e4ufiges Jahresprogramm. Best\u00e4tigung und \u00c4nderungen werden in der Tageszeitung bekanntgegeben. 9. Februar 2024 Prostmeier, Gaststube 19 Uhr Auftritt der Erlbacher&hellip; <a class=\"more-link\" href=\"https:\/\/gartenbauverein-erlbach.de\/?p=198\"><span class=\"screen-reader-text\">Jahresprogramm 2024<\/span> weiterlesen<\/a><\/div><\/li>\n<li><a class=\"wp-block-latest-posts__post-title\" href=\"https:\/\/gartenbauverein-erlbach.de\/?p=107\">Jahresprogramm 2023<\/a><time datetime=\"2023-01-03T20:12:33+01:00\" class=\"wp-block-latest-posts__post-date\">3. Januar 2023<\/time><div class=\"wp-block-latest-posts__post-excerpt\">Liebe Mitglieder, dies ist ein vorl\u00e4ufiges Jahresprogramm. Best\u00e4tigung und \u00c4nderungen werden in der Tageszeitung bekanntgegeben. 17. Februar 2023 Prostmeier, 19 Uhr&nbsp; Faschingskranzl mit&nbsp;muskalischer Unterrahmung mit&nbsp;den&hellip; <a class=\"more-link\" href=\"https:\/\/gartenbauverein-erlbach.de\/?p=107\"><span class=\"screen-reader-text\">Jahresprogramm 2023<\/span> weiterlesen<\/a><\/div><\/li>\n<\/ul>","protected":false},"excerpt":{"rendered":"","protected":false},"author":2,"featured_media":0,"parent":0,"menu_order":0,"comment_status":"closed","ping_status":"closed","template":"","meta":{"footnotes":""},"class_list":["post-16","page","type-page","status-publish","hentry","entry"],"_links":{"self":[{"href":"https:\/\/gartenbauverein-erlbach.de\/index.php?rest_route=\/wp\/v2\/pages\/16","targetHints":{"allow":["GET"]}}],"collection":[{"href":"https:\/\/gartenbauverein-erlbach.de\/index.php?rest_route=\/wp\/v2\/pages"}],"about":[{"href":"https:\/\/gartenbauverein-erlbach.de\/index.php?rest_route=\/wp\/v2\/types\/page"}],"author":[{"embeddable":true,"href":"https:\/\/gartenbauverein-erlbach.de\/index.php?rest_route=\/wp\/v2\/users\/2"}],"replies":[{"embeddable":true,"href":"https:\/\/gartenbauverein-erlbach.de\/index.php?rest_route=%2Fwp%2Fv2%2Fcomments&post=16"}],"version-history":[{"count":6,"href":"https:\/\/gartenbauverein-erlbach.de\/index.php?rest_route=\/wp\/v2\/pages\/16\/revisions"}],"predecessor-version":[{"id":110,"href":"https:\/\/gartenbauverein-erlbach.de\/index.php?rest_route=\/wp\/v2\/pages\/16\/revisions\/110"}],"wp:attachment":[{"href":"https:\/\/gartenbauverein-erlbach.de\/index.php?rest_route=%2Fwp%2Fv2%2Fmedia&parent=16"}],"curies":[{"name":"wp","href":"https:\/\/api.w.org\/{rel}","templated":true}]}}